{"id":202,"date":"2025-01-15T17:25:45","date_gmt":"2025-01-15T16:25:45","guid":{"rendered":"https:\/\/gwe-forst.de\/?page_id=202"},"modified":"2026-03-19T16:19:56","modified_gmt":"2026-03-19T15:19:56","slug":"mietstationen","status":"publish","type":"page","link":"https:\/\/gwe-forst.de\/?page_id=202","title":{"rendered":"Mietstationen"},"content":{"rendered":"\n<p><strong><u>Schleswig-Holstein<\/u><\/strong><br>24351 Thumby, Gut Bienebek 5<br>24340 Altenhof, Aschauer Landstra\u00dfe 3<\/p>\n\n\n\n<p><strong><u>Niedersachsen<\/u><\/strong><br>38268 Lengede-Broinstedt, Maria Agnesi Stra\u00dfe 6a<\/p>\n\n\n\n<p><strong><u>Nordrhein-Westfalen<\/u><\/strong><br>33175 Bad Lippspringe, Sandweg 32<br>59590 Geseke, Hansestra\u00dfe 13<\/p>\n\n\n\n<p><strong><u>Mecklenburg-Vorpommern<\/u><\/strong><br>17258 Feldberger Seenlandschaft, Kastanienallee 17<\/p>\n\n\n\n<p><strong><u>Brandenburg<\/u><\/strong><br>In Planung<\/p>\n\n\n\n<p><strong><u>Hessen<\/u><\/strong><br>in Planung<\/p>\n\n\n\n<p><strong><u>Rheinland-Pfalz<\/u><\/strong><br>in Planung<\/p>\n\n\n\n<p><strong><u>Baden-W\u00fcrttemberg<\/u><\/strong><br>in Planung<\/p>\n","protected":false},"excerpt":{"rendered":"<p>Schleswig-Holstein24351 Thumby, Gut Bienebek 524340 Altenhof, Aschauer Landstra\u00dfe 3 Niedersachsen38268 Lengede-Broinstedt, Maria Agnesi Stra\u00dfe 6a Nordrhein-Westfalen33175 Bad Lippspringe, Sandweg 3259590 Geseke, Hansestra\u00dfe 13 Mecklenburg-Vorpommern17258 Feldberger Seenlandschaft, Kastanienallee 17 BrandenburgIn Planung Hessenin Planung Rheinland-Pfalzin Planung Baden-W\u00fcrttembergin Planung<\/p>\n","protected":false},"author":1,"featured_media":0,"parent":0,"menu_order":0,"comment_status":"closed","ping_status":"closed","template":"","meta":{"saved_in_kubio":true,"footnotes":""},"class_list":["post-202","page","type-page","status-publish","hentry"],"kubio_ai_page_context":{"short_desc":"","purpose":"general"},"_links":{"self":[{"href":"https:\/\/gwe-forst.de\/index.php?rest_route=\/wp\/v2\/pages\/202","targetHints":{"allow":["GET"]}}],"collection":[{"href":"https:\/\/gwe-forst.de\/index.php?rest_route=\/wp\/v2\/pages"}],"about":[{"href":"https:\/\/gwe-forst.de\/index.php?rest_route=\/wp\/v2\/types\/page"}],"author":[{"embeddable":true,"href":"https:\/\/gwe-forst.de\/index.php?rest_route=\/wp\/v2\/users\/1"}],"replies":[{"embeddable":true,"href":"https:\/\/gwe-forst.de\/index.php?rest_route=%2Fwp%2Fv2%2Fcomments&post=202"}],"version-history":[{"count":4,"href":"https:\/\/gwe-forst.de\/index.php?rest_route=\/wp\/v2\/pages\/202\/revisions"}],"predecessor-version":[{"id":299,"href":"https:\/\/gwe-forst.de\/index.php?rest_route=\/wp\/v2\/pages\/202\/revisions\/299"}],"wp:attachment":[{"href":"https:\/\/gwe-forst.de\/index.php?rest_route=%2Fwp%2Fv2%2Fmedia&parent=202"}],"curies":[{"name":"wp","href":"https:\/\/api.w.org\/{rel}","templated":true}]}}