{"id":94,"date":"2024-11-14T17:21:27","date_gmt":"2024-11-14T16:21:27","guid":{"rendered":"https:\/\/gwe-forst.de\/?page_id=94"},"modified":"2025-02-10T12:04:05","modified_gmt":"2025-02-10T11:04:05","slug":"bovlund-zweischichtendrehpflug","status":"publish","type":"page","link":"https:\/\/gwe-forst.de\/?page_id=94","title":{"rendered":"Bovlund Zweischichten Drehpflug"},"content":{"rendered":"\n<div class=\"wp-block-media-text is-stacked-on-mobile\"><figure class=\"wp-block-media-text__media\"><video controls src=\"https:\/\/gwe-forst.de\/wp-content\/uploads\/2024\/11\/VIDEO-2024-11-14-09-19-29.mp4\"><\/video><\/figure><div class=\"wp-block-media-text__content\">\n<p>Vollumbruch von Acker- und Gr\u00fcnlandfl\u00e4chen f\u00fcr die Erstaufforstung mit einem d\u00e4nischen Bovlund Zweischichtendrehpflug bis 70cm Tiefe.<\/p>\n\n\n\n<p><br><strong>Melioration zur Tiefenlockerung<\/strong><\/p>\n\n\n\n<p>Durch das Tiefpfl\u00fcgen werden vorhandene Verdichtungshorizonte aufgebrochen z. B. verdichtete Pflugsohlen von \u00fcber Jahrzehnten landwirtschaftlich genutzten Fl\u00e4chen oder auf bestimmten Standorten vorhandene Ortsteinschichten. Dadurch wird Staun\u00e4sse im Winter und Austrocknung im Sommer vermieden und der Wurzelraum vergr\u00f6\u00dfert sich. Durch die neue Bodenschichtung und die verbesserte Bodenstruktur sind die B\u00e4ume nun gezwungen und in der Lage in die Tiefe und Breite zu wurzeln, um an die N\u00e4hrstoffe zu gelangen. Dadurch verbessert sich auch die Standsicherheit gegen\u00fcber St\u00fcrmen und die durch den Klimawandel verursachten immer l\u00e4ngeren und hei\u00dferen Trockenperioden werden besser \u00fcberstanden.<\/p>\n\n\n\n<p>Durch das Tiefpfl\u00fcgen wird organisches Material, Oberboden\/Humus und damit Kohlenstoff \u00fcber l\u00e4ngere Zeit im Boden gebunden und gespeichert, der sich sonst an der Bodenoberfl\u00e4che in Form von CO2 in der Atmosph\u00e4re negativ auf das Klima auswirken w\u00fcrde. ( CO2 Ziele Deutschland, Stand August 2024: Senkung bis 2030 um 65% und bis 2040 um bis zu 88%). Damit der Humus gespeichert werden kann, muss er vor dem Abbau von Mikroorganismen gesch\u00fctzt werden, die in tieferen Bodenschichten schlechtere Lebensbedingungen vorfinden. Durch das Tiefpfl\u00fcgen wird der Humus in schr\u00e4gen B\u00e4ndern tiefer abgelegt und mit Mineralboden leicht \u00fcberdeckt und ist somit immer noch gut erreichbar f\u00fcr die gepflanzten B\u00e4ume.<\/p>\n\n\n<\/div><\/div>\n\n\n\n<p><\/p>\n","protected":false},"excerpt":{"rendered":"","protected":false},"author":1,"featured_media":0,"parent":0,"menu_order":0,"comment_status":"closed","ping_status":"closed","template":"","meta":{"saved_in_kubio":true,"footnotes":""},"class_list":["post-94","page","type-page","status-publish","hentry"],"kubio_ai_page_context":{"short_desc":"","purpose":"general"},"_links":{"self":[{"href":"https:\/\/gwe-forst.de\/index.php?rest_route=\/wp\/v2\/pages\/94","targetHints":{"allow":["GET"]}}],"collection":[{"href":"https:\/\/gwe-forst.de\/index.php?rest_route=\/wp\/v2\/pages"}],"about":[{"href":"https:\/\/gwe-forst.de\/index.php?rest_route=\/wp\/v2\/types\/page"}],"author":[{"embeddable":true,"href":"https:\/\/gwe-forst.de\/index.php?rest_route=\/wp\/v2\/users\/1"}],"replies":[{"embeddable":true,"href":"https:\/\/gwe-forst.de\/index.php?rest_route=%2Fwp%2Fv2%2Fcomments&post=94"}],"version-history":[{"count":8,"href":"https:\/\/gwe-forst.de\/index.php?rest_route=\/wp\/v2\/pages\/94\/revisions"}],"predecessor-version":[{"id":239,"href":"https:\/\/gwe-forst.de\/index.php?rest_route=\/wp\/v2\/pages\/94\/revisions\/239"}],"wp:attachment":[{"href":"https:\/\/gwe-forst.de\/index.php?rest_route=%2Fwp%2Fv2%2Fmedia&parent=94"}],"curies":[{"name":"wp","href":"https:\/\/api.w.org\/{rel}","templated":true}]}}